{"id":8,"date":"2017-01-30T03:39:36","date_gmt":"2017-01-30T03:39:36","guid":{"rendered":"https:\/\/demo.themegrill.com\/flash-construction-2\/?page_id=8"},"modified":"2023-03-02T08:10:21","modified_gmt":"2023-03-02T08:10:21","slug":"o_nas","status":"publish","type":"page","link":"https:\/\/www.tzbtech.cz\/index.php\/o_nas\/","title":{"rendered":"O n\u00e1s"},"content":{"rendered":"<div id=\"pl-8\"  class=\"panel-layout\" ><div id=\"pg-8-0\"  class=\"panel-grid panel-has-style\" ><div class=\"siteorigin-panels-stretch panel-row-style panel-row-style-for-8-0\" data-stretch-type=\"full\" ><div id=\"pgc-8-0-0\"  class=\"panel-grid-cell\" ><div id=\"panel-8-0-0-0\" class=\"so-panel widget widget_siteorigin-panels-builder panel-first-child panel-last-child\" data-index=\"0\" ><div id=\"pl-w640059ed40a33\"  class=\"panel-layout\" ><div id=\"pg-w640059ed40a33-0\"  class=\"panel-grid panel-no-style\" ><div id=\"pgc-w640059ed40a33-0-0\"  class=\"panel-grid-cell\" ><div id=\"panel-w640059ed40a33-0-0-0\" class=\"so-panel widget widget_text panel-first-child panel-last-child\" data-index=\"0\" >\t\t\t<div class=\"textwidget\"><p>Voln\u00e9 sdru\u017een\u00ed projektant\u016f TZBplan vzniklo v roce 2009 slou\u010den\u00edm dvou projek\u010dn\u00edch t\u00fdm\u016f. Projek\u010dn\u00ed \u010dinnost\u00ed se v\u0161ak zab\u00fdv\u00e1me ji\u017e od roku 2005. Od roku 2017 vykon\u00e1v\u00e1me projek\u010dn\u00ed \u010dinnost pod hlavi\u010dkou firem TZBtech, s.r.o. a TZBplan, s.r.o.. P\u016fsob\u00edme v oblasti projekce technick\u00fdch za\u0159\u00edzen\u00ed budov, in\u017een\u00fdrsk\u00fdch s\u00edt\u00ed a energetiky staveb. Vlastn\u00edme p\u0159\u00edslu\u0161n\u00e9 autorizace od \u010cKAIT a opr\u00e1vn\u011bn\u00ed pro energetickou certifikaci budov od Ministerstva pr\u016fmyslu a obchodu.<\/p>\n\n<p>Za celou dobu p\u016fsoben\u00ed m\u00e1me za sebou \u00fasp\u011b\u0161n\u00e1 \u0159e\u0161en\u00ed TZB pro rodinn\u00e9 domy, bytov\u00e9 domy, administrativn\u00ed objekty, pr\u016fmyslov\u00e9 a v\u00fdrobn\u00ed objekty, pavilony nemocnic i \u0161koln\u00ed objekty a v neposledn\u00ed \u0159ad\u011b pak zas\u00ed\u0165ov\u00e1n\u00ed lokalit pro bydlen\u00ed i pr\u016fmysl, n\u00e1vrhy hospoda\u0159en\u00ed s de\u0161\u0165ovou vodou. Navrhujeme takov\u00e1 \u0159e\u0161en\u00ed, kter\u00e1 pro V\u00e1\u0161 projekt budou optim\u00e1ln\u00ed z hlediska Va\u0161eho komfortu a po\u017eadavk\u016f, ale i z hlediska provozn\u00edch a investi\u010dn\u00edch n\u00e1klad\u016f.<\/p>\n\n<p>Orientujeme se v legislativn\u00edch zm\u011bn\u00e1ch v oblasti TZB a pozemn\u00edho stavitelstv\u00ed. M\u00e1me p\u0159ehled o nejnov\u011bj\u0161\u00edch trendech a za\u0159\u00edzen\u00edch. Zabezpe\u010d\u00edme zpracov\u00e1n\u00ed v\u0161ech stup\u0148\u016f projektov\u00e9 dokumentace. Od studie, p\u0159es dokumentaci pro \u00fazemn\u00ed rozhodnut\u00ed, pro stavebn\u00ed povolen\u00ed a\u017e po realiza\u010dn\u00ed dokumentaci pro v\u0161echny typy staveb. B\u011bhem realizace stavby V\u00e1m m\u016f\u017eeme pomoci v r\u00e1mci autorsk\u00e9ho dozoru. Na\u0161imi z\u00e1kazn\u00edky jsou p\u0159edev\u0161\u00edm architektonick\u00e9 kancel\u00e1\u0159e a z\u00e1kazn\u00edci z \u0159ad kone\u010dn\u00fdch u\u017eivatel\u016f. Projekty zpracov\u00e1v\u00e1me po cel\u00e9 \u010cesk\u00e9 republice. Na\u0161e kancel\u00e1\u0159e se nach\u00e1z\u00ed ve \u017d\u010f\u00e1\u0159e nad S\u00e1zavou a v Praze.<\/p><\/div>\n\t\t<\/div><\/div><\/div><div id=\"pg-w640059ed40a33-1\"  class=\"panel-grid panel-has-style\" ><div class=\"panel-row-style panel-row-style-for-w640059ed40a33-1\" ><div id=\"pgc-w640059ed40a33-1-0\"  class=\"panel-grid-cell\" ><div id=\"panel-w640059ed40a33-1-0-0\" class=\"so-panel widget widget_themegrill_flash_heading tg-widget section-title-wrapper panel-first-child panel-last-child\" data-index=\"1\" >\t<h3 class=\"section-title\">Na\u0161i specialist\u00e9 jsou \u010dleny n\u00e1sleduj\u00edc\u00edch profesn\u00edch spolk\u016f a organizac\u00ed<\/h3>\n<\/div><\/div><\/div><\/div><div id=\"pg-w640059ed40a33-2\"  class=\"panel-grid panel-no-style\" ><div id=\"pgc-w640059ed40a33-2-0\"  class=\"panel-grid-cell panel-grid-cell-empty\" ><\/div><div id=\"pgc-w640059ed40a33-2-1\"  class=\"panel-grid-cell\" ><div id=\"panel-w640059ed40a33-2-1-0\" class=\"so-panel widget widget_themegrill_flash_image tg-widget tg-image-widget panel-first-child panel-last-child\" data-index=\"2\" >\t<a href=\"https:\/\/www.ckait.cz\"><img decoding=\"async\" src=\"https:\/\/www.tzbtech.cz\/wp-content\/uploads\/2023\/01\/CKAIT_logo.png\" \/><\/a>\n<\/div><\/div><div id=\"pgc-w640059ed40a33-2-2\"  class=\"panel-grid-cell panel-grid-cell-empty\" ><\/div><div id=\"pgc-w640059ed40a33-2-3\"  class=\"panel-grid-cell\" ><div id=\"panel-w640059ed40a33-2-3-0\" class=\"so-panel widget widget_themegrill_flash_image tg-widget tg-image-widget panel-first-child panel-last-child\" data-index=\"3\" >\t<a href=\"https:\/\/www.mpo-efekt.cz\/cz\/ekis\/strediska-EKIS\"><img decoding=\"async\" src=\"https:\/\/www.tzbtech.cz\/wp-content\/uploads\/2023\/02\/m-EKIS.png\" \/><\/a>\n<\/div><\/div><div id=\"pgc-w640059ed40a33-2-4\"  class=\"panel-grid-cell panel-grid-cell-empty\" ><\/div><div id=\"pgc-w640059ed40a33-2-5\"  class=\"panel-grid-cell panel-grid-cell-mobile-last\" ><div id=\"panel-w640059ed40a33-2-5-0\" class=\"so-panel widget widget_themegrill_flash_image tg-widget tg-image-widget panel-first-child panel-last-child\" data-index=\"4\" >\t<a href=\"https:\/\/www.stpcr.cz\"><img decoding=\"async\" src=\"https:\/\/www.tzbtech.cz\/wp-content\/uploads\/2023\/01\/STP_logo.png\" \/><\/a>\n<\/div><\/div><div id=\"pgc-w640059ed40a33-2-6\"  class=\"panel-grid-cell panel-grid-cell-empty\" ><\/div><\/div><div id=\"pg-w640059ed40a33-3\"  class=\"panel-grid panel-has-style\" ><div class=\"panel-row-style panel-row-style-for-w640059ed40a33-3\" ><div id=\"pgc-w640059ed40a33-3-0\"  class=\"panel-grid-cell\" ><div id=\"panel-w640059ed40a33-3-0-0\" class=\"so-panel widget widget_themegrill_flash_heading tg-widget section-title-wrapper panel-first-child panel-last-child\" data-index=\"5\" >\t<h3 class=\"section-title\">P\u0159i zpracov\u00e1v\u00e1n\u00ed projekt\u016f vyu\u017e\u00edv\u00e1me n\u00e1sleduj\u00edc\u00ed softwarov\u00e9 \u0159e\u0161en\u00ed<\/h3>\n<\/div><\/div><\/div><\/div><div id=\"pg-w640059ed40a33-4\"  class=\"panel-grid panel-no-style\" ><div id=\"pgc-w640059ed40a33-4-0\"  class=\"panel-grid-cell panel-grid-cell-empty\" ><\/div><div id=\"pgc-w640059ed40a33-4-1\"  class=\"panel-grid-cell\" ><div id=\"panel-w640059ed40a33-4-1-0\" class=\"so-panel widget widget_themegrill_flash_image tg-widget tg-image-widget panel-first-child panel-last-child\" data-index=\"6\" >\t<a href=\"https:\/\/www.cadkon.eu\"><img decoding=\"async\" src=\"https:\/\/www.tzbtech.cz\/wp-content\/uploads\/2023\/01\/CADKON_logo.png\" \/><\/a>\n<\/div><\/div><div id=\"pgc-w640059ed40a33-4-2\"  class=\"panel-grid-cell\" ><div id=\"panel-w640059ed40a33-4-2-0\" class=\"so-panel widget widget_themegrill_flash_image tg-widget tg-image-widget panel-first-child panel-last-child\" data-index=\"7\" >\t<a href=\"https:\/\/www.graitec.cz\/cad-software\/autocad-software\"><img decoding=\"async\" src=\"https:\/\/www.tzbtech.cz\/wp-content\/uploads\/2023\/02\/ACAD_logo.png\" \/><\/a>\n<\/div><\/div><div id=\"pgc-w640059ed40a33-4-3\"  class=\"panel-grid-cell\" ><div id=\"panel-w640059ed40a33-4-3-0\" class=\"so-panel widget widget_themegrill_flash_image tg-widget tg-image-widget panel-first-child panel-last-child\" data-index=\"8\" >\t<a href=\"https:\/\/www.graitec.cz\/cad-software\/stavebnictvi\/revit\"><img decoding=\"async\" src=\"https:\/\/www.tzbtech.cz\/wp-content\/uploads\/2023\/02\/REVIT_logo.png\" \/><\/a>\n<\/div><\/div><div id=\"pgc-w640059ed40a33-4-4\"  class=\"panel-grid-cell\" ><div id=\"panel-w640059ed40a33-4-4-0\" class=\"so-panel widget widget_themegrill_flash_image tg-widget tg-image-widget panel-first-child panel-last-child\" data-index=\"9\" >\t<a href=\"http:\/\/kcad.cz\/cz\/stavebni-fyzika\/tepelna-technika\/energie\/\"><img decoding=\"async\" src=\"https:\/\/www.tzbtech.cz\/wp-content\/uploads\/2023\/02\/Energie_logo.png\" \/><\/a>\n<\/div><\/div><div id=\"pgc-w640059ed40a33-4-5\"  class=\"panel-grid-cell panel-grid-cell-mobile-last\" ><div id=\"panel-w640059ed40a33-4-5-0\" class=\"so-panel widget widget_themegrill_flash_image tg-widget tg-image-widget panel-first-child panel-last-child\" data-index=\"10\" >\t<a href=\"https:\/\/www.protech.cz\"><img decoding=\"async\" src=\"https:\/\/www.tzbtech.cz\/wp-content\/uploads\/2023\/01\/PROTECH_logo.png\" \/><\/a>\n<\/div><\/div><div id=\"pgc-w640059ed40a33-4-6\"  class=\"panel-grid-cell panel-grid-cell-empty\" ><\/div><\/div><\/div><\/div><\/div><\/div><\/div><div id=\"pg-8-1\"  class=\"panel-grid panel-has-style\" ><div class=\"siteorigin-panels-stretch panel-row-style panel-row-style-for-8-1\" data-stretch-type=\"full\" ><div id=\"pgc-8-1-0\"  class=\"panel-grid-cell\" ><div id=\"panel-8-1-0-0\" class=\"so-panel widget widget_themegrill_flash_cta tg-widget call-to-action-section panel-first-child panel-last-child\" data-index=\"1\" ><div class=\"panel-widget-style panel-widget-style-for-8-1-0-0\" ><div class=\"cta-wrapper call-to-action-section-layout-2\">\n\t<div class=\"section-title-wrapper\">\n\t\t\t\t<h3 class=\"section-title\">V p\u0159\u00edpad\u011b z\u00e1jmu o na\u0161e slu\u017eby n\u00e1s nev\u00e1hejte kontaktovat.<\/h3>\n\t\t\t<\/div>\n\t\t<div class=\"btn-wrapper\">\n\t\t\t\t<a class=\"btn\" href=\"index.php\/kontakty\/\">Kontaktujte n\u00e1s ...<\/a>\n\t\t\t\t\t<\/div>\n\t<\/div>\n<\/div><\/div><\/div><\/div><\/div><\/div>","protected":false},"excerpt":{"rendered":"<p>Voln\u00e9 sdru\u017een\u00ed projektant\u016f TZBplan vzniklo v roce 2009 slou\u010den\u00edm dvou projek\u010dn\u00edch t\u00fdm\u016f. Projek\u010dn\u00ed \u010dinnost\u00ed se v\u0161ak zab\u00fdv\u00e1me ji\u017e od roku [&hellip;]<\/p>\n","protected":false},"author":1,"featured_media":0,"parent":0,"menu_order":0,"comment_status":"closed","ping_status":"closed","template":"page-templates\/pagebuilder.php","meta":{"_themeisle_gutenberg_block_has_review":false,"footnotes":""},"class_list":["post-8","page","type-page","status-publish","hentry"],"_links":{"self":[{"href":"https:\/\/www.tzbtech.cz\/index.php\/wp-json\/wp\/v2\/pages\/8","targetHints":{"allow":["GET"]}}],"collection":[{"href":"https:\/\/www.tzbtech.cz\/index.php\/wp-json\/wp\/v2\/pages"}],"about":[{"href":"https:\/\/www.tzbtech.cz\/index.php\/wp-json\/wp\/v2\/types\/page"}],"author":[{"embeddable":true,"href":"https:\/\/www.tzbtech.cz\/index.php\/wp-json\/wp\/v2\/users\/1"}],"replies":[{"embeddable":true,"href":"https:\/\/www.tzbtech.cz\/index.php\/wp-json\/wp\/v2\/comments?post=8"}],"version-history":[{"count":89,"href":"https:\/\/www.tzbtech.cz\/index.php\/wp-json\/wp\/v2\/pages\/8\/revisions"}],"predecessor-version":[{"id":2047,"href":"https:\/\/www.tzbtech.cz\/index.php\/wp-json\/wp\/v2\/pages\/8\/revisions\/2047"}],"wp:attachment":[{"href":"https:\/\/www.tzbtech.cz\/index.php\/wp-json\/wp\/v2\/media?parent=8"}],"curies":[{"name":"wp","href":"https:\/\/api.w.org\/{rel}","templated":true}]}}