{"id":589,"date":"2022-12-26T03:33:58","date_gmt":"2022-12-26T03:33:58","guid":{"rendered":"https:\/\/www.tzbtech.cz\/?page_id=589"},"modified":"2023-03-02T08:20:01","modified_gmt":"2023-03-02T08:20:01","slug":"projektovani-tzb-v-bim","status":"publish","type":"page","link":"https:\/\/www.tzbtech.cz\/index.php\/sluzby\/projektovani-tzb-v-bim\/","title":{"rendered":"Projektov\u00e1n\u00ed TZB v BIM"},"content":{"rendered":"<div id=\"pl-589\"  class=\"panel-layout\" ><div id=\"pg-589-0\"  class=\"panel-grid panel-has-style\" ><div class=\"siteorigin-panels-stretch panel-row-style panel-row-style-for-589-0\" data-stretch-type=\"full\" ><div id=\"pgc-589-0-0\"  class=\"panel-grid-cell\" ><div id=\"panel-589-0-0-0\" class=\"so-panel widget widget_siteorigin-panels-builder panel-first-child panel-last-child\" data-index=\"0\" ><div id=\"pl-w64005c23111ce\"  class=\"panel-layout\" ><div id=\"pg-w64005c23111ce-0\"  class=\"panel-grid panel-has-style\" ><div class=\"panel-row-style panel-row-style-for-w64005c23111ce-0\" ><div id=\"pgc-w64005c23111ce-0-0\"  class=\"panel-grid-cell\" ><div id=\"panel-w64005c23111ce-0-0-0\" class=\"so-panel widget widget_themegrill_flash_heading tg-widget section-title-wrapper panel-first-child panel-last-child\" data-index=\"0\" >\t<h3 class=\"section-title\">Projektov\u00e1n\u00ed TZB v BIM<\/h3>\n<\/div><\/div><\/div><\/div><div id=\"pg-w64005c23111ce-1\"  class=\"panel-grid panel-has-style\" ><div class=\"panel-row-style panel-row-style-for-w64005c23111ce-1\" ><div id=\"pgc-w64005c23111ce-1-0\"  class=\"panel-grid-cell\" ><div id=\"panel-w64005c23111ce-1-0-0\" class=\"so-panel widget widget_themegrill_flash_image tg-widget tg-image-widget panel-first-child panel-last-child\" data-index=\"1\" >\t<img decoding=\"async\" src=\"https:\/\/www.tzbtech.cz\/wp-content\/uploads\/2023\/02\/BIM_1.png\" \/>\n<\/div><\/div><div id=\"pgc-w64005c23111ce-1-1\"  class=\"panel-grid-cell\" ><div id=\"panel-w64005c23111ce-1-1-0\" class=\"so-panel widget widget_text panel-first-child panel-last-child\" data-index=\"2\" >\t\t\t<div class=\"textwidget\"><p>V sou\u010dasn\u00e9 dob\u011b t\u00e9\u017e navrhujeme syst\u00e9my TZB jako 3D model BIM, vytv\u00e1\u0159en\u00fd v syst\u00e9mu Autodesk Revit MEP.<\/p>\n<p>BIM je inteligentn\u00ed projek\u010dn\u00ed proces, zalo\u017een\u00fd na 3D modelu. Jedn\u00e1 se o modern\u00ed zp\u016fsob projektov\u00e1n\u00ed, kter\u00fd umo\u017e\u0148uje prov\u00e9st p\u0159esn\u00fd n\u00e1vrh, v\u010detn\u011b v\u0161ech vazeb a zejm\u00e9na p\u0159esnou koordinaci rozvod\u016f.<\/p>\n<p>BIM zaji\u0161\u0165uje hladkou komunikaci mezi architekturou, stavitelstv\u00edm a technikou za\u0159\u00edzen\u00ed budov. Model BIM lze d\u00e1le vyu\u017e\u00edt p\u0159i provozov\u00e1n\u00ed budovy.<\/p>\n<p>V r\u00e1mci projektov\u00e1n\u00ed TZB implementujeme tento nov\u00fd zp\u016fsob projektov\u00e1n\u00ed i v na\u0161ich zak\u00e1zk\u00e1ch. V pr\u016fb\u011bhu projek\u010dn\u00edch prac\u00ed se d\u00edky t\u00e9to technologii l\u00e9pe \u0159e\u0161\u00ed koordinace s ostatn\u00edmi profesemi a stavebn\u00ed \u010d\u00e1st\u00ed.<\/p>\n<p>Pokud m\u00e1te z\u00e1jem zpracovat projekt ve 3D jako BIM model, nev\u00e1hejte n\u00e1s kontaktovat.<\/p>\n<\/div>\n\t\t<\/div><\/div><\/div><\/div><div id=\"pg-w64005c23111ce-2\"  class=\"panel-grid panel-has-style\" ><div class=\"panel-row-style panel-row-style-for-w64005c23111ce-2\" ><div id=\"pgc-w64005c23111ce-2-0\"  class=\"panel-grid-cell\" ><div id=\"panel-w64005c23111ce-2-0-0\" class=\"so-panel widget widget_themegrill_flash_image tg-widget tg-image-widget panel-first-child panel-last-child\" data-index=\"3\" >\t<img decoding=\"async\" src=\"https:\/\/www.tzbtech.cz\/wp-content\/uploads\/2023\/02\/BIM_2.png\" \/>\n<\/div><\/div><div id=\"pgc-w64005c23111ce-2-1\"  class=\"panel-grid-cell\" ><div id=\"panel-w64005c23111ce-2-1-0\" class=\"so-panel widget widget_themegrill_flash_image tg-widget tg-image-widget panel-first-child panel-last-child\" data-index=\"4\" >\t<img decoding=\"async\" src=\"https:\/\/www.tzbtech.cz\/wp-content\/uploads\/2023\/02\/BIM_3.png\" \/>\n<\/div><\/div><\/div><\/div><\/div><\/div><\/div><\/div><\/div><div id=\"pg-589-1\"  class=\"panel-grid panel-has-style\" ><div class=\"siteorigin-panels-stretch panel-row-style panel-row-style-for-589-1\" data-stretch-type=\"full\" ><div id=\"pgc-589-1-0\"  class=\"panel-grid-cell\" ><div id=\"panel-589-1-0-0\" class=\"so-panel widget widget_themegrill_flash_cta tg-widget call-to-action-section panel-first-child panel-last-child\" data-index=\"1\" ><div class=\"panel-widget-style panel-widget-style-for-589-1-0-0\" ><div class=\"cta-wrapper call-to-action-section-layout-2\">\n\t<div class=\"section-title-wrapper\">\n\t\t\t\t<h3 class=\"section-title\">Pokud m\u00e1te z\u00e1jem zpracovat projekt ve 3D jako BIM model<\/h3>\n\t\t\t<\/div>\n\t\t<div class=\"btn-wrapper\">\n\t\t\t\t\t\t<a class=\"btn\" href=\"index.php\/kontakty\/\">Kontaktujte n\u00e1s ...<\/a>\n\t\t\t<\/div>\n\t<\/div>\n<\/div><\/div><\/div><\/div><\/div><\/div>","protected":false},"excerpt":{"rendered":"<p>Projektov\u00e1n\u00ed TZB v BIM V sou\u010dasn\u00e9 dob\u011b t\u00e9\u017e navrhujeme syst\u00e9my TZB jako 3D model BIM, vytv\u00e1\u0159en\u00fd v syst\u00e9mu Autodesk Revit [&hellip;]<\/p>\n","protected":false},"author":1,"featured_media":0,"parent":10,"menu_order":3,"comment_status":"closed","ping_status":"closed","template":"page-templates\/pagebuilder.php","meta":{"_themeisle_gutenberg_block_has_review":false,"footnotes":""},"class_list":["post-589","page","type-page","status-publish","hentry"],"_links":{"self":[{"href":"https:\/\/www.tzbtech.cz\/index.php\/wp-json\/wp\/v2\/pages\/589","targetHints":{"allow":["GET"]}}],"collection":[{"href":"https:\/\/www.tzbtech.cz\/index.php\/wp-json\/wp\/v2\/pages"}],"about":[{"href":"https:\/\/www.tzbtech.cz\/index.php\/wp-json\/wp\/v2\/types\/page"}],"author":[{"embeddable":true,"href":"https:\/\/www.tzbtech.cz\/index.php\/wp-json\/wp\/v2\/users\/1"}],"replies":[{"embeddable":true,"href":"https:\/\/www.tzbtech.cz\/index.php\/wp-json\/wp\/v2\/comments?post=589"}],"version-history":[{"count":79,"href":"https:\/\/www.tzbtech.cz\/index.php\/wp-json\/wp\/v2\/pages\/589\/revisions"}],"predecessor-version":[{"id":2054,"href":"https:\/\/www.tzbtech.cz\/index.php\/wp-json\/wp\/v2\/pages\/589\/revisions\/2054"}],"up":[{"embeddable":true,"href":"https:\/\/www.tzbtech.cz\/index.php\/wp-json\/wp\/v2\/pages\/10"}],"wp:attachment":[{"href":"https:\/\/www.tzbtech.cz\/index.php\/wp-json\/wp\/v2\/media?parent=589"}],"curies":[{"name":"wp","href":"https:\/\/api.w.org\/{rel}","templated":true}]}}