{"id":555,"date":"2022-12-26T03:18:43","date_gmt":"2022-12-26T03:18:43","guid":{"rendered":"https:\/\/www.tzbtech.cz\/?page_id=555"},"modified":"2023-02-27T18:50:04","modified_gmt":"2023-02-27T18:50:04","slug":"technicka-zarizeni-budov-tzb","status":"publish","type":"page","link":"https:\/\/www.tzbtech.cz\/index.php\/sluzby\/technicka-zarizeni-budov-tzb\/","title":{"rendered":"Technick\u00e1 za\u0159\u00edzen\u00ed budov (TZB)"},"content":{"rendered":"<div id=\"pl-555\"  class=\"panel-layout\" ><div id=\"pg-555-0\"  class=\"panel-grid panel-has-style\" ><div class=\"siteorigin-panels-stretch panel-row-style panel-row-style-for-555-0\" data-stretch-type=\"full\" ><div id=\"pgc-555-0-0\"  class=\"panel-grid-cell\" ><div id=\"panel-555-0-0-0\" class=\"so-panel widget widget_siteorigin-panels-builder panel-first-child panel-last-child\" data-index=\"0\" ><div id=\"pl-w63fcfb5c2adb7\"  class=\"panel-layout\" ><div id=\"pg-w63fcfb5c2adb7-0\"  class=\"panel-grid panel-has-style\" ><div class=\"panel-row-style panel-row-style-for-w63fcfb5c2adb7-0\" ><div id=\"pgc-w63fcfb5c2adb7-0-0\"  class=\"panel-grid-cell panel-grid-cell-empty\" ><\/div><div id=\"pgc-w63fcfb5c2adb7-0-1\"  class=\"panel-grid-cell\" ><div id=\"panel-w63fcfb5c2adb7-0-1-0\" class=\"so-panel widget widget_themegrill_flash_heading tg-widget section-title-wrapper panel-first-child panel-last-child\" data-index=\"0\" >\t<h3 class=\"section-title\">Zdravotn\u011b technick\u00e9 instalace a domovn\u00ed plynovody (ZTI)<\/h3>\n<\/div><\/div><\/div><\/div><div id=\"pg-w63fcfb5c2adb7-1\"  class=\"panel-grid panel-has-style\" ><div class=\"panel-row-style panel-row-style-for-w63fcfb5c2adb7-1\" ><div id=\"pgc-w63fcfb5c2adb7-1-0\"  class=\"panel-grid-cell\" ><div id=\"panel-w63fcfb5c2adb7-1-0-0\" class=\"so-panel widget widget_themegrill_flash_image tg-widget tg-image-widget panel-first-child panel-last-child\" data-index=\"1\" >\t<img decoding=\"async\" src=\"https:\/\/www.tzbtech.cz\/wp-content\/uploads\/2023\/02\/TZB_ZTI.png\" \/>\n<\/div><\/div><div id=\"pgc-w63fcfb5c2adb7-1-1\"  class=\"panel-grid-cell\" ><div id=\"panel-w63fcfb5c2adb7-1-1-0\" class=\"so-panel widget widget_text panel-first-child panel-last-child\" data-index=\"2\" >\t\t\t<div class=\"textwidget\"><p>Zab\u00fdv\u00e1me se projekc\u00ed vnit\u0159n\u00edch vodovod\u016f, po\u017e\u00e1rn\u00edch vodovod\u016f, vnit\u0159n\u00ed kanalizace a vnit\u0159n\u00edho plynovodu, v\u010detn\u011b p\u0159\u00edpojek. Navrhujeme kompletn\u00ed \u0159e\u0161en\u00ed hospoda\u0159en\u00ed s de\u0161\u0165ovou vodou v objektech i mimo n\u011b. Vyu\u017eit\u00ed de\u0161\u0165ov\u00fdch a \u0161ed\u00fdch vod pro z\u00e1vlahy zelen\u011b \u010di splachov\u00e1n\u00ed toalet.<\/p>\n<p>Rozvody domovn\u00edch plynovod\u016f, domovn\u00ed plynovody, pr\u016fmyslov\u00e9 plynovody, plynov\u00e9 kotelny a regula\u010dn\u00ed stanice.<\/p>\n<\/div>\n\t\t<\/div><\/div><\/div><\/div><div id=\"pg-w63fcfb5c2adb7-2\"  class=\"panel-grid panel-has-style\" ><div class=\"panel-row-style panel-row-style-for-w63fcfb5c2adb7-2\" ><div id=\"pgc-w63fcfb5c2adb7-2-0\"  class=\"panel-grid-cell panel-grid-cell-mobile-last\" ><div id=\"panel-w63fcfb5c2adb7-2-0-0\" class=\"so-panel widget widget_themegrill_flash_heading tg-widget section-title-wrapper panel-first-child panel-last-child\" data-index=\"3\" >\t<h3 class=\"section-title\">Vyt\u00e1p\u011bn\u00ed (\u00daT)<\/h3>\n<\/div><\/div><div id=\"pgc-w63fcfb5c2adb7-2-1\"  class=\"panel-grid-cell panel-grid-cell-empty\" ><\/div><\/div><\/div><div id=\"pg-w63fcfb5c2adb7-3\"  class=\"panel-grid panel-has-style\" ><div class=\"panel-row-style panel-row-style-for-w63fcfb5c2adb7-3\" ><div id=\"pgc-w63fcfb5c2adb7-3-0\"  class=\"panel-grid-cell\" ><div id=\"panel-w63fcfb5c2adb7-3-0-0\" class=\"so-panel widget widget_text panel-first-child panel-last-child\" data-index=\"4\" >\t\t\t<div class=\"textwidget\"><p>Projekty vyt\u00e1p\u011bn\u00ed zpracov\u00e1v\u00e1me na stavebn\u00ed povolen\u00ed s rozsahem dokumentace dle vyhl\u00e1\u0161ky o dokumentaci staveb. Pro \u00fast\u0159edn\u00ed vyt\u00e1p\u011bn\u00ed to znamen\u00e1 trasov\u00e1n\u00ed rozvod\u016f, rozm\u00edst\u011bn\u00ed otopn\u00fdch ploch (bez p\u0159esn\u00e9ho dimenzov\u00e1n\u00ed koncov\u00fdch element\u016f), v\u00fdpo\u010det tepeln\u00fdch ztr\u00e1t ob\u00e1lkovou metodou, n\u00e1vrh zdroje tepla v\u010detn\u011b sch\u00e9mat zapojen\u00ed, p\u0159\u00edpadn\u00e9 n\u00e1vaznosti na profesi MaR a technick\u00e1 zpr\u00e1va.<\/p>\n<p>Projekt pro proveden\u00ed stavby obsahuje p\u0159esn\u00fd v\u00fdpo\u010det tepeln\u00fdch ztr\u00e1t m\u00edstnost po m\u00edstnosti dle \u010cSN EN 12831, sch\u00e9ma otopn\u00e9 soustavy, hydraulick\u00e9 vyv\u00e1\u017een\u00ed a dimenzov\u00e1n\u00ed otopn\u00e9 soustavy, p\u016fdorys a sch\u00e9ma zapojen\u00ed zdroje tepla, po\u017eadavky na m\u011b\u0159en\u00ed a regulaci, technick\u00e1 zpr\u00e1va a orienta\u010dn\u00ed v\u00fdkazy v\u00fdm\u011br.<\/p>\n<p>Na \u017e\u00e1dost investora je mo\u017en\u00e9 se domluvit na jin\u00e9m preferovan\u00e9m rozsahu prac\u00ed.<\/p>\n<p>Typov\u011b \u0159e\u0161\u00edme objekty od rodinn\u00fdch dom\u016f, bytov\u00fdch dom\u016f, multifunk\u010dn\u00edch komplex\u016f, hotel\u016f a\u017e po\u00a0administrativn\u00ed a historick\u00e9 budovy.<\/p>\n<\/div>\n\t\t<\/div><\/div><div id=\"pgc-w63fcfb5c2adb7-3-1\"  class=\"panel-grid-cell\" ><div id=\"panel-w63fcfb5c2adb7-3-1-0\" class=\"so-panel widget widget_themegrill_flash_image tg-widget tg-image-widget panel-first-child panel-last-child\" data-index=\"5\" >\t<img decoding=\"async\" src=\"https:\/\/www.tzbtech.cz\/wp-content\/uploads\/2023\/02\/TZB_VYT.png\" \/>\n<\/div><\/div><\/div><\/div><div id=\"pg-w63fcfb5c2adb7-4\"  class=\"panel-grid panel-has-style\" ><div class=\"panel-row-style panel-row-style-for-w63fcfb5c2adb7-4\" ><div id=\"pgc-w63fcfb5c2adb7-4-0\"  class=\"panel-grid-cell panel-grid-cell-empty\" ><\/div><div id=\"pgc-w63fcfb5c2adb7-4-1\"  class=\"panel-grid-cell\" ><div id=\"panel-w63fcfb5c2adb7-4-1-0\" class=\"so-panel widget widget_themegrill_flash_heading tg-widget section-title-wrapper panel-first-child panel-last-child\" data-index=\"6\" >\t<h3 class=\"section-title\">Vzduchotechnika (VZT)<\/h3>\n<\/div><\/div><\/div><\/div><div id=\"pg-w63fcfb5c2adb7-5\"  class=\"panel-grid panel-has-style\" ><div class=\"panel-row-style panel-row-style-for-w63fcfb5c2adb7-5\" ><div id=\"pgc-w63fcfb5c2adb7-5-0\"  class=\"panel-grid-cell\" ><div id=\"panel-w63fcfb5c2adb7-5-0-0\" class=\"so-panel widget widget_themegrill_flash_image tg-widget tg-image-widget panel-first-child panel-last-child\" data-index=\"7\" >\t<img decoding=\"async\" src=\"https:\/\/www.tzbtech.cz\/wp-content\/uploads\/2023\/02\/TZB_VZT.png\" \/>\n<\/div><\/div><div id=\"pgc-w63fcfb5c2adb7-5-1\"  class=\"panel-grid-cell\" ><div id=\"panel-w63fcfb5c2adb7-5-1-0\" class=\"so-panel widget widget_text panel-first-child panel-last-child\" data-index=\"8\" >\t\t\t<div class=\"textwidget\"><p>Projekty vzduchotechniky zpracov\u00e1v\u00e1me na stavebn\u00ed povolen\u00ed rozsahem dokumentace dle vyhl\u00e1\u0161ky o dokumentaci staveb. Pro vzduchotechniku to znamen\u00e1 trasov\u00e1n\u00ed rozvod\u016f a p\u0159edb\u011b\u017en\u00fd n\u00e1vrh dimenz\u00ed z d\u016fvodu koordinace in\u017een\u00fdrsk\u00fdch s\u00edt\u00ed, rozm\u00edst\u011bn\u00ed p\u0159\u00edvodn\u00edch a odvodn\u00edch element\u016f, n\u00e1vrh a um\u00edst\u011bn\u00ed VZT jednotek, technick\u00e1 zpr\u00e1va.<\/p>\n<p>Projekt pro proveden\u00ed stavby obsahuje p\u0159esn\u00e9 dimenzov\u00e1n\u00ed potrubn\u00edch rozvod\u016f v\u010detn\u011b n\u00e1vrhu ventil\u00e1toru a vyv\u00e1\u017een\u00ed soustavy, p\u0159esn\u00fd n\u00e1vrh koncov\u00fdch element\u016f, detaily, technick\u00e1 zpr\u00e1va a v\u00fdkazy v\u00fdm\u011br.<\/p>\n<p>Na \u017e\u00e1dost investora je mo\u017en\u00e9 se domluvit na jin\u00e9m preferovan\u00e9m rozsahu prac\u00ed.<\/p>\n<\/div>\n\t\t<\/div><\/div><\/div><\/div><div id=\"pg-w63fcfb5c2adb7-6\"  class=\"panel-grid panel-has-style\" ><div class=\"panel-row-style panel-row-style-for-w63fcfb5c2adb7-6\" ><div id=\"pgc-w63fcfb5c2adb7-6-0\"  class=\"panel-grid-cell panel-grid-cell-mobile-last\" ><div id=\"panel-w63fcfb5c2adb7-6-0-0\" class=\"so-panel widget widget_themegrill_flash_heading tg-widget section-title-wrapper panel-first-child panel-last-child\" data-index=\"9\" >\t<h3 class=\"section-title\">Chlazen\u00ed (CHL)<\/h3>\n<\/div><\/div><div id=\"pgc-w63fcfb5c2adb7-6-1\"  class=\"panel-grid-cell panel-grid-cell-empty\" ><\/div><\/div><\/div><div id=\"pg-w63fcfb5c2adb7-7\"  class=\"panel-grid panel-has-style\" ><div class=\"panel-row-style panel-row-style-for-w63fcfb5c2adb7-7\" ><div id=\"pgc-w63fcfb5c2adb7-7-0\"  class=\"panel-grid-cell\" ><div id=\"panel-w63fcfb5c2adb7-7-0-0\" class=\"so-panel widget widget_text panel-first-child panel-last-child\" data-index=\"10\" >\t\t\t<div class=\"textwidget\"><p>Pro objekty s velk\u00fdm pod\u00edlem prosklen\u00fdch ploch, p\u0159\u00edpadn\u011b s v\u011bt\u0161\u00ed vnit\u0159n\u00ed tepelnou z\u00e1t\u011b\u017e\u00ed, kterou je nutn\u00e9 vzhledem k p\u0159ijateln\u00e9mu prost\u0159ed\u00ed pro pobyt a \u010dinnost lid\u00ed \u010di technologick\u00fdch za\u0159\u00edzen\u00ed odv\u00e9st, navrhujeme chlad\u00edc\u00ed syst\u00e9my. Podle typu objektu, mo\u017enost\u00ed um\u00edst\u011bn\u00ed venkovn\u00edch jednotek a po\u017eadavk\u016f na hlu\u010dnost vyb\u00edr\u00e1me vhodn\u00e9 za\u0159\u00edzen\u00ed. Pro zpravidla ni\u017e\u0161\u00ed v\u00fdkony navrhujeme p\u0159\u00edm\u00e9 kompresorov\u00e9 chlazen\u00ed, kde je chlad\u00edc\u00ed v\u00fdkon rozveden\u00fd od vn\u011bj\u0161\u00ed jednotky (jednotek) k vnit\u0159n\u00edm jednotk\u00e1m m\u011bd\u011bn\u00fdm chladivov\u00fdm potrub\u00edm. P\u0159i vy\u0161\u0161\u00edch v\u00fdkonech navrhujeme v\u00fdrobn\u00edk chlad\u00edc\u00ed vody (Chiller) a rozvod od zdroje k vlastn\u00edm koncov\u00fdm element\u016fm je hydraulick\u00fd s p\u0159\u00edslu\u0161n\u00fdmi regula\u010dn\u00edmi armaturami. Dod\u00e1vku chlad\u00edc\u00edho m\u00e9dia zaji\u0161\u0165ujeme tak\u00e9 k VZT jednotk\u00e1m.<\/p>\n<p>V\u00fdpo\u010dty tepeln\u00fdch z\u00e1t\u011b\u017e\u00ed jednotliv\u00fdch prostor\u016f jsou v souladu s platn\u00fdmi legislativn\u00edmi p\u0159edpisy a normami.<\/p>\n<p>Chlazen\u00ed nab\u00edz\u00edme pro v\u0161echny typy objekt\u016f.<\/p>\n<\/div>\n\t\t<\/div><\/div><div id=\"pgc-w63fcfb5c2adb7-7-1\"  class=\"panel-grid-cell\" ><div id=\"panel-w63fcfb5c2adb7-7-1-0\" class=\"so-panel widget widget_themegrill_flash_image tg-widget tg-image-widget panel-first-child panel-last-child\" data-index=\"11\" >\t<img decoding=\"async\" src=\"https:\/\/www.tzbtech.cz\/wp-content\/uploads\/2023\/02\/TZB_CHL.png\" \/>\n<\/div><\/div><\/div><\/div><\/div><\/div><\/div><\/div><\/div><div id=\"pg-555-1\"  class=\"panel-grid panel-has-style\" ><div class=\"siteorigin-panels-stretch panel-row-style panel-row-style-for-555-1\" data-stretch-type=\"full\" ><div id=\"pgc-555-1-0\"  class=\"panel-grid-cell\" ><div id=\"panel-555-1-0-0\" class=\"so-panel widget widget_themegrill_flash_cta tg-widget call-to-action-section panel-first-child panel-last-child\" data-index=\"1\" ><div class=\"panel-widget-style panel-widget-style-for-555-1-0-0\" ><div class=\"cta-wrapper call-to-action-section-layout-2\">\n\t<div class=\"section-title-wrapper\">\n\t\t\t\t<h3 class=\"section-title\">M\u00e1te z\u00e1jem o projek\u010dn\u00edch prace, konzultaci nebo radu v oblasti TZB?<\/h3>\n\t\t\t<\/div>\n\t\t<div class=\"btn-wrapper\">\n\t\t\t\t\t\t<a class=\"btn\" href=\"index.php\/kontakty\/\">Kontaktujte n\u00e1s ...<\/a>\n\t\t\t<\/div>\n\t<\/div>\n<\/div><\/div><\/div><\/div><\/div><\/div>","protected":false},"excerpt":{"rendered":"<p>Zdravotn\u011b technick\u00e9 instalace a domovn\u00ed plynovody (ZTI) Zab\u00fdv\u00e1me se projekc\u00ed vnit\u0159n\u00edch vodovod\u016f, po\u017e\u00e1rn\u00edch vodovod\u016f, vnit\u0159n\u00ed kanalizace a vnit\u0159n\u00edho plynovodu, v\u010detn\u011b [&hellip;]<\/p>\n","protected":false},"author":1,"featured_media":0,"parent":10,"menu_order":1,"comment_status":"closed","ping_status":"closed","template":"page-templates\/pagebuilder.php","meta":{"_themeisle_gutenberg_block_has_review":false,"footnotes":""},"class_list":["post-555","page","type-page","status-publish","hentry"],"_links":{"self":[{"href":"https:\/\/www.tzbtech.cz\/index.php\/wp-json\/wp\/v2\/pages\/555","targetHints":{"allow":["GET"]}}],"collection":[{"href":"https:\/\/www.tzbtech.cz\/index.php\/wp-json\/wp\/v2\/pages"}],"about":[{"href":"https:\/\/www.tzbtech.cz\/index.php\/wp-json\/wp\/v2\/types\/page"}],"author":[{"embeddable":true,"href":"https:\/\/www.tzbtech.cz\/index.php\/wp-json\/wp\/v2\/users\/1"}],"replies":[{"embeddable":true,"href":"https:\/\/www.tzbtech.cz\/index.php\/wp-json\/wp\/v2\/comments?post=555"}],"version-history":[{"count":130,"href":"https:\/\/www.tzbtech.cz\/index.php\/wp-json\/wp\/v2\/pages\/555\/revisions"}],"predecessor-version":[{"id":1963,"href":"https:\/\/www.tzbtech.cz\/index.php\/wp-json\/wp\/v2\/pages\/555\/revisions\/1963"}],"up":[{"embeddable":true,"href":"https:\/\/www.tzbtech.cz\/index.php\/wp-json\/wp\/v2\/pages\/10"}],"wp:attachment":[{"href":"https:\/\/www.tzbtech.cz\/index.php\/wp-json\/wp\/v2\/media?parent=555"}],"curies":[{"name":"wp","href":"https:\/\/api.w.org\/{rel}","templated":true}]}}