{"id":18,"date":"2017-01-30T03:42:19","date_gmt":"2017-01-30T03:42:19","guid":{"rendered":"https:\/\/demo.themegrill.com\/flash-construction-2\/?page_id=18"},"modified":"2023-02-27T16:43:50","modified_gmt":"2023-02-27T16:43:50","slug":"kontakty","status":"publish","type":"page","link":"https:\/\/www.tzbtech.cz\/index.php\/kontakty\/","title":{"rendered":"Kontakty"},"content":{"rendered":"<div id=\"pl-18\"  class=\"panel-layout\" ><div id=\"pg-18-0\"  class=\"panel-grid panel-has-style\" ><div class=\"siteorigin-panels-stretch panel-row-style panel-row-style-for-18-0\" data-stretch-type=\"full\" ><div id=\"pgc-18-0-0\"  class=\"panel-grid-cell\" ><div id=\"panel-18-0-0-0\" class=\"so-panel widget widget_siteorigin-panels-builder panel-first-child panel-last-child\" data-index=\"0\" ><div id=\"pl-w63fcddc6f1847\"  class=\"panel-layout\" ><div id=\"pg-w63fcddc6f1847-0\"  class=\"panel-grid panel-has-style\" ><div class=\"panel-row-style panel-row-style-for-w63fcddc6f1847-0\" ><div id=\"pgc-w63fcddc6f1847-0-0\"  class=\"panel-grid-cell\" ><div id=\"panel-w63fcddc6f1847-0-0-0\" class=\"so-panel widget widget_text panel-first-child panel-last-child\" data-index=\"0\" ><h3 class=\"widget-title\">TZBtech, s.r.o.<\/h3>\t\t\t<div class=\"textwidget\"><span>I\u010cO: 06922881<\/span><\/br>\n<span>DI\u010c: CZ06922881<\/span><\/br><\/br>\n<span><b>S\u00eddlo firmy:<\/b><\/span><\/br>\n<span>Plze\u0148sk\u00e1 429\/245<\/span><\/br>\n<span>155 00  Praha 5 - Stod\u016flky<\/span><\/br>\n<\/br>\n<span>Datov\u00e1 schr\u00e1nka: 9va9ds<\/span><\/div>\n\t\t<\/div><\/div><div id=\"pgc-w63fcddc6f1847-0-1\"  class=\"panel-grid-cell\" ><div id=\"panel-w63fcddc6f1847-0-1-0\" class=\"so-panel widget widget_text panel-first-child panel-last-child\" data-index=\"1\" ><h3 class=\"widget-title\">Kancel\u00e1\u0159 Praha:<\/h3>\t\t\t<div class=\"textwidget\"><span>Charlese de Gaulla 629\/5<\/span><\/br>\n<span>160 00  Praha 6 - Bubene\u010d<\/span><\/br><\/br>\n<span>Mobil: +420 777 278 328<\/span><\/br>\n<span>E-mail: &#x69;&#x6e;&#x66;&#x6f;&#x40;&#x74;&#x7a;&#x62;&#116;&#101;&#99;&#104;&#46;&#99;&#122;<\/span><\/br>\n<span>Web: http:\/\/www.tzbtech.cz<\/span><\/div>\n\t\t<\/div><\/div><div id=\"pgc-w63fcddc6f1847-0-2\"  class=\"panel-grid-cell panel-grid-cell-mobile-last\" ><div id=\"panel-w63fcddc6f1847-0-2-0\" class=\"so-panel widget widget_text panel-first-child panel-last-child\" data-index=\"2\" ><h3 class=\"widget-title\">Kancel\u00e1\u0159 \u017d\u010f\u00e1r nad S\u00e1zavou:<\/h3>\t\t\t<div class=\"textwidget\"><span>Doln\u00ed 165\/1, dv. 404<\/span><\/br>\n<span>591 01  \u017d\u010f\u00e1r nad S\u00e1zavou<\/span><\/br><\/br>\n<span>Mobil: +420 776 294 225<\/span><\/br>\n<span>E-mail: &#x69;&#110;f&#x6f;&#x40;&#116;z&#x62;&#x70;&#108;a&#x6e;&#x2e;&#99;z<\/span><\/br>\n<span>Web: http:\/\/www.tzbplan.cz<\/span><\/div>\n\t\t<\/div><\/div><div id=\"pgc-w63fcddc6f1847-0-3\"  class=\"panel-grid-cell panel-grid-cell-empty\" ><\/div><\/div><\/div><div id=\"pg-w63fcddc6f1847-1\"  class=\"panel-grid panel-has-style\" ><div class=\"panel-row-style panel-row-style-for-w63fcddc6f1847-1\" ><div id=\"pgc-w63fcddc6f1847-1-0\"  class=\"panel-grid-cell panel-grid-cell-empty\" ><\/div><div id=\"pgc-w63fcddc6f1847-1-1\"  class=\"panel-grid-cell\" ><div id=\"panel-w63fcddc6f1847-1-1-0\" class=\"widget_text so-panel widget widget_custom_html panel-first-child panel-last-child\" data-index=\"3\" ><div class=\"widget_text panel-widget-style panel-widget-style-for-w63fcddc6f1847-1-1-0\" ><div class=\"textwidget custom-html-widget\"><iframe src=\"https:\/\/www.google.com\/maps\/embed?pb=!1m18!1m12!1m3!1d2559.132458837556!2d14.398115215874045!3d50.10252762025378!2m3!1f0!2f0!3f0!3m2!1i1024!2i768!4f13.1!3m3!1m2!1s0x470b9525cf6c1839%3A0x65c6a5829cfb64ff!2sCharlese%20de%20Gaulla%20629%2F5%2C%20160%2000%20Praha%206-Bubene%C4%8D%2C%20Czechia!5e0!3m2!1sen!2suk!4v1673584586426!5m2!1sen!2suk\" width=\"600\" height=\"450\" style=\"border:0;\" allowfullscreen=\"\" loading=\"lazy\" referrerpolicy=\"no-referrer-when-downgrade\"><\/iframe><\/div><\/div><\/div><\/div><div id=\"pgc-w63fcddc6f1847-1-2\"  class=\"panel-grid-cell panel-grid-cell-empty\" ><\/div><div id=\"pgc-w63fcddc6f1847-1-3\"  class=\"panel-grid-cell panel-grid-cell-mobile-last\" ><div id=\"panel-w63fcddc6f1847-1-3-0\" class=\"widget_text so-panel widget widget_custom_html panel-first-child panel-last-child\" data-index=\"4\" ><div class=\"widget_text panel-widget-style panel-widget-style-for-w63fcddc6f1847-1-3-0\" ><div class=\"textwidget custom-html-widget\"><iframe src=\"https:\/\/www.google.com\/maps\/embed?pb=!1m18!1m12!1m3!1d2587.689396583995!2d15.938877151580428!3d49.5658835092209!2m3!1f0!2f0!3f0!3m2!1i1024!2i768!4f13.1!3m3!1m2!1s0x470d0aada9a4b36b%3A0x4656d026d2f0ecbe!2zRG9sbsOtIDE2NSwgxb3Ej8OhciBuYWQgU8OhemF2b3UgMSwgNTkxIDAxIMW9xI_DoXIgbmFkIFPDoXphdm91LCBDemVjaGlh!5e0!3m2!1sen!2suk!4v1673584259057!5m2!1sen!2suk\" width=\"600\" height=\"450\" style=\"border:0;\" allowfullscreen=\"\" loading=\"lazy\" referrerpolicy=\"no-referrer-when-downgrade\"><\/iframe><\/div><\/div><\/div><\/div><div id=\"pgc-w63fcddc6f1847-1-4\"  class=\"panel-grid-cell panel-grid-cell-empty\" ><\/div><\/div><\/div><\/div><\/div><\/div><\/div><\/div><div id=\"pg-18-1\"  class=\"panel-grid panel-has-style\" ><div class=\"siteorigin-panels-stretch panel-row-style panel-row-style-for-18-1\" data-stretch-type=\"full\" ><div id=\"pgc-18-1-0\"  class=\"panel-grid-cell\" ><div id=\"panel-18-1-0-0\" class=\"so-panel widget widget_themegrill_flash_cta tg-widget call-to-action-section panel-first-child panel-last-child\" data-index=\"1\" ><div class=\"cta-wrapper call-to-action-section-layout-2\">\n\t<div class=\"section-title-wrapper\">\n\t\t\t\t<h3 class=\"section-title\">Chcete v\u011bd\u011bt jak\u00e9 portfolio slu\u017eeb nab\u00edz\u00edme?<\/h3>\n\t\t\t<\/div>\n\t\t<div class=\"btn-wrapper\">\n\t\t\t\t<a class=\"btn\" href=\"\/index.php\/sluzby\/\">Klikn\u011bt\u011b zde ...<\/a>\n\t\t\t\t\t<\/div>\n\t<\/div>\n<\/div><\/div><\/div><\/div><\/div>","protected":false},"excerpt":{"rendered":"<p>TZBtech, s.r.o. I\u010cO: 06922881 DI\u010c: CZ06922881 S\u00eddlo firmy: Plze\u0148sk\u00e1 429\/245 155 00 Praha 5 &#8211; Stod\u016flky Datov\u00e1 schr\u00e1nka: 9va9ds Kancel\u00e1\u0159 [&hellip;]<\/p>\n","protected":false},"author":1,"featured_media":0,"parent":0,"menu_order":0,"comment_status":"closed","ping_status":"closed","template":"page-templates\/pagebuilder.php","meta":{"_themeisle_gutenberg_block_has_review":false,"footnotes":""},"class_list":["post-18","page","type-page","status-publish","hentry"],"_links":{"self":[{"href":"https:\/\/www.tzbtech.cz\/index.php\/wp-json\/wp\/v2\/pages\/18","targetHints":{"allow":["GET"]}}],"collection":[{"href":"https:\/\/www.tzbtech.cz\/index.php\/wp-json\/wp\/v2\/pages"}],"about":[{"href":"https:\/\/www.tzbtech.cz\/index.php\/wp-json\/wp\/v2\/types\/page"}],"author":[{"embeddable":true,"href":"https:\/\/www.tzbtech.cz\/index.php\/wp-json\/wp\/v2\/users\/1"}],"replies":[{"embeddable":true,"href":"https:\/\/www.tzbtech.cz\/index.php\/wp-json\/wp\/v2\/comments?post=18"}],"version-history":[{"count":152,"href":"https:\/\/www.tzbtech.cz\/index.php\/wp-json\/wp\/v2\/pages\/18\/revisions"}],"predecessor-version":[{"id":1943,"href":"https:\/\/www.tzbtech.cz\/index.php\/wp-json\/wp\/v2\/pages\/18\/revisions\/1943"}],"wp:attachment":[{"href":"https:\/\/www.tzbtech.cz\/index.php\/wp-json\/wp\/v2\/media?parent=18"}],"curies":[{"name":"wp","href":"https:\/\/api.w.org\/{rel}","templated":true}]}}