{"id":12,"date":"2017-01-30T03:40:10","date_gmt":"2017-01-30T03:40:10","guid":{"rendered":"https:\/\/demo.themegrill.com\/flash-construction-2\/?page_id=12"},"modified":"2023-02-27T20:18:42","modified_gmt":"2023-02-27T20:18:42","slug":"reference","status":"publish","type":"page","link":"https:\/\/www.tzbtech.cz\/index.php\/reference\/","title":{"rendered":"Reference"},"content":{"rendered":"<div id=\"pl-12\"  class=\"panel-layout\" ><div id=\"pg-12-0\"  class=\"panel-grid panel-has-style\" ><div class=\"siteorigin-panels-stretch panel-row-style panel-row-style-for-12-0\" data-stretch-type=\"full\" ><div id=\"pgc-12-0-0\"  class=\"panel-grid-cell\" ><div id=\"panel-12-0-0-0\" class=\"so-panel widget widget_siteorigin-panels-builder panel-first-child panel-last-child\" data-index=\"0\" ><div id=\"pl-w63fd1022e5c76\"  class=\"panel-layout\" ><div id=\"pg-w63fd1022e5c76-0\"  class=\"panel-grid panel-has-style\" ><div class=\"panel-row-style panel-row-style-for-w63fd1022e5c76-0\" ><div id=\"pgc-w63fd1022e5c76-0-0\"  class=\"panel-grid-cell\" ><div id=\"panel-w63fd1022e5c76-0-0-0\" class=\"so-panel widget widget_themegrill_flash_heading tg-widget section-title-wrapper panel-first-child\" data-index=\"0\" >\t<h3 class=\"section-title\">Na\u0161e projekty<\/h3>\n<\/div><div id=\"panel-w63fd1022e5c76-0-0-1\" class=\"so-panel widget widget_text panel-last-child\" data-index=\"1\" >\t\t\t<div class=\"textwidget\"><p>Zhotovili jsme r\u016fznorod\u00e9 projekty technick\u00fdch za\u0159\u00edzen\u00ed budov, in\u017een\u00fdrsk\u00fdch s\u00edt\u00ed a energetiky. Jednalo se o projekty administrativn\u00edch budov, zdravotnick\u00fdch za\u0159\u00edzen\u00ed, budov pro vzd\u011bl\u00e1v\u00e1n\u00ed, obchod\u016f, sportovn\u00edch hal \u010di projekty in\u017een\u00fdrsk\u00fdch s\u00edt\u00ed pro velk\u00e9 lokality. Zpracovali jsme rovn\u011b\u017e projekty rodinn\u00fdch dom\u016f, bytov\u00fdch dom\u016f a drobn\u00fdch staveb jako jsou p\u0159\u00edpojky in\u017een\u00fdrsk\u00fdch s\u00edt\u00ed. M\u00e1me zku\u0161enosti s\u00a0dota\u010dn\u00edmi programy v\u00a0r\u00e1mci energetiky staveb. \u00dasp\u011b\u0161n\u011b jsme implementovali metodiku BIM p\u0159i zpracov\u00e1n\u00ed na\u0161ich projekt\u016f, kter\u00e1 n\u00e1m otev\u00edr\u00e1 nov\u00e9 mo\u017enosti projektov\u00e1n\u00ed. Zab\u00fdv\u00e1me se rovn\u011b\u017e zav\u00e1d\u011bn\u00edm princip\u016f modrozelen\u00e9 infrastruktury v\u00a0r\u00e1mci projekt\u016f revitalizace \u00fazem\u00ed \u010di konkr\u00e9tn\u00edch staveb.<\/p>\n<p>Z\u00a0v\u00edce ne\u017e 1 400 \u00fasp\u011b\u0161n\u011b dokon\u010den\u00fdch projekt\u016f zde uv\u00e1d\u00edme pouze jejich zlomek.<\/p>\n<\/div>\n\t\t<\/div><\/div><\/div><\/div><div id=\"pg-w63fd1022e5c76-1\"  class=\"panel-grid panel-has-style\" ><div class=\"panel-row-style panel-row-style-for-w63fd1022e5c76-1\" ><div id=\"pgc-w63fd1022e5c76-1-0\"  class=\"panel-grid-cell\" ><div id=\"panel-w63fd1022e5c76-1-0-0\" class=\"so-panel widget widget_themegrill_flash_portfolio tg-section feature-product-section panel-first-child panel-last-child\" data-index=\"2\" ><div class=\"tg-feature-product-layout-1 tg-feature-product-filter-layout\"><div class=\"tg-container\"><div class=\"grid\"><div class=\"tg-column-wrapper\"><div class=\"tg-feature-product-widget element-item uxdesign tg-column-4 reference \" data-category=\"reference \"><figure><img loading=\"lazy\" decoding=\"async\" width=\"400\" height=\"400\" src=\"https:\/\/www.tzbtech.cz\/wp-content\/uploads\/2023\/02\/Ref_04.png\" class=\"attachment-full size-full wp-post-image\" alt=\"\" srcset=\"https:\/\/www.tzbtech.cz\/wp-content\/uploads\/2023\/02\/Ref_04.png 400w, https:\/\/www.tzbtech.cz\/wp-content\/uploads\/2023\/02\/Ref_04-300x300.png 300w, https:\/\/www.tzbtech.cz\/wp-content\/uploads\/2023\/02\/Ref_04-150x150.png 150w\" sizes=\"auto, (max-width: 400px) 100vw, 400px\" \/><\/figure><div class=\"featured-image-desc\"><span><a href=\"https:\/\/www.tzbtech.cz\/index.php\/portfolio\/multifunkcni-hala-arena-brno\/\"><i class=\"fa fa-plus\"><\/i><\/a><\/span><div class=\"feature-inner-block\"><h3 class=\"feature-title-wrap\"><a href=\"https:\/\/www.tzbtech.cz\/index.php\/portfolio\/multifunkcni-hala-arena-brno\/\">Multifunk\u010dn\u00ed hala &#8211; Arena BRNO<\/a><\/h3><h4 class=\"feature-desc-wrap\">Profese: Zdravotechnika, BIM Nov\u00e1 multifunk\u010dn\u00ed hala www.arenabrno.cz v are\u00e1lu spole\u010dnosti Veletrhy Brno, a. s. (BVV) bude v Brn\u011b nejv\u011bt\u0161\u00ed a [&hellip;]<\/h4><\/div><\/div><\/div><div class=\"tg-feature-product-widget element-item uxdesign tg-column-4 reference \" data-category=\"reference \"><figure><img loading=\"lazy\" decoding=\"async\" width=\"400\" height=\"400\" src=\"https:\/\/www.tzbtech.cz\/wp-content\/uploads\/2023\/02\/Ref_02.png\" class=\"attachment-full size-full wp-post-image\" alt=\"\" srcset=\"https:\/\/www.tzbtech.cz\/wp-content\/uploads\/2023\/02\/Ref_02.png 400w, https:\/\/www.tzbtech.cz\/wp-content\/uploads\/2023\/02\/Ref_02-300x300.png 300w, https:\/\/www.tzbtech.cz\/wp-content\/uploads\/2023\/02\/Ref_02-150x150.png 150w\" sizes=\"auto, (max-width: 400px) 100vw, 400px\" \/><\/figure><div class=\"featured-image-desc\"><span><a href=\"https:\/\/www.tzbtech.cz\/index.php\/portfolio\/obchodni-centrum-kaufland-slivenec\/\"><i class=\"fa fa-plus\"><\/i><\/a><\/span><div class=\"feature-inner-block\"><h3 class=\"feature-title-wrap\"><a href=\"https:\/\/www.tzbtech.cz\/index.php\/portfolio\/obchodni-centrum-kaufland-slivenec\/\">Obchodn\u00ed centrum Kaufland \u2013 Slivenec<\/a><\/h3><h4 class=\"feature-desc-wrap\">Profese: Zdravotechnika, BIM Stavba bude sest\u00e1vat ze dvou objekt\u016f. V jednom bude um\u00edst\u011bn supermarket Kaufland a v druh\u00e9m men\u0161\u00ed obchody. [&hellip;]<\/h4><\/div><\/div><\/div><div class=\"tg-feature-product-widget element-item uxdesign tg-column-4 reference \" data-category=\"reference \"><figure><img loading=\"lazy\" decoding=\"async\" width=\"400\" height=\"400\" src=\"https:\/\/www.tzbtech.cz\/wp-content\/uploads\/2017\/02\/Ref_01_01.png\" class=\"attachment-full size-full wp-post-image\" alt=\"\" srcset=\"https:\/\/www.tzbtech.cz\/wp-content\/uploads\/2017\/02\/Ref_01_01.png 400w, https:\/\/www.tzbtech.cz\/wp-content\/uploads\/2017\/02\/Ref_01_01-300x300.png 300w, https:\/\/www.tzbtech.cz\/wp-content\/uploads\/2017\/02\/Ref_01_01-150x150.png 150w\" sizes=\"auto, (max-width: 400px) 100vw, 400px\" \/><\/figure><div class=\"featured-image-desc\"><span><a href=\"https:\/\/www.tzbtech.cz\/index.php\/portfolio\/reference-01\/\"><i class=\"fa fa-plus\"><\/i><\/a><\/span><div class=\"feature-inner-block\"><h3 class=\"feature-title-wrap\"><a href=\"https:\/\/www.tzbtech.cz\/index.php\/portfolio\/reference-01\/\">Revitalizace parku Karlovo n\u00e1m\u011bst\u00ed<\/a><\/h3><h4 class=\"feature-desc-wrap\">Profese: In\u017een\u00fdrsk\u00e9 s\u00edt\u011b, HDV V r\u00e1mci revitalizace pam\u00e1tkov\u011b chr\u00e1n\u011bn\u00e9ho parku na Karlov\u011b n\u00e1m\u011bst\u00ed v Praze, bylo \u0159e\u0161eno napojen\u00ed nov\u00fdch objekt\u016f [&hellip;]<\/h4><\/div><\/div><\/div><div class=\"tg-feature-product-widget element-item uxdesign tg-column-4 reference \" data-category=\"reference \"><figure><img loading=\"lazy\" decoding=\"async\" width=\"400\" height=\"400\" src=\"https:\/\/www.tzbtech.cz\/wp-content\/uploads\/2023\/02\/Ref_08.png\" class=\"attachment-full size-full wp-post-image\" alt=\"\" srcset=\"https:\/\/www.tzbtech.cz\/wp-content\/uploads\/2023\/02\/Ref_08.png 400w, https:\/\/www.tzbtech.cz\/wp-content\/uploads\/2023\/02\/Ref_08-300x300.png 300w, https:\/\/www.tzbtech.cz\/wp-content\/uploads\/2023\/02\/Ref_08-150x150.png 150w\" sizes=\"auto, (max-width: 400px) 100vw, 400px\" \/><\/figure><div class=\"featured-image-desc\"><span><a href=\"https:\/\/www.tzbtech.cz\/index.php\/portfolio\/bytovy-dum-hippokrates-v-brne\/\"><i class=\"fa fa-plus\"><\/i><\/a><\/span><div class=\"feature-inner-block\"><h3 class=\"feature-title-wrap\"><a href=\"https:\/\/www.tzbtech.cz\/index.php\/portfolio\/bytovy-dum-hippokrates-v-brne\/\">Bytov\u00fd d\u016fm Hippokrates v Brn\u011b<\/a><\/h3><h4 class=\"feature-desc-wrap\">Profese: Zdravotn\u011btechnick\u00e9 instalace, Chlazen\u00ed, Plynovodn\u00ed p\u0159\u00edpojka, Vnit\u0159n\u00ed plynovod P\u0159edm\u011btem \u0159e\u0161en\u00ed je objekt bytov\u00e9ho domu Hippokrates v Brn\u011b, ulice Vina\u0159sk\u00e1.\u00a0 Objekt [&hellip;]<\/h4><\/div><\/div><\/div><div class=\"tg-feature-product-widget element-item uxdesign tg-column-4 reference \" data-category=\"reference \"><figure><img loading=\"lazy\" decoding=\"async\" width=\"400\" height=\"400\" src=\"https:\/\/www.tzbtech.cz\/wp-content\/uploads\/2023\/02\/Ref_03.png\" class=\"attachment-full size-full wp-post-image\" alt=\"\" srcset=\"https:\/\/www.tzbtech.cz\/wp-content\/uploads\/2023\/02\/Ref_03.png 400w, https:\/\/www.tzbtech.cz\/wp-content\/uploads\/2023\/02\/Ref_03-300x300.png 300w, https:\/\/www.tzbtech.cz\/wp-content\/uploads\/2023\/02\/Ref_03-150x150.png 150w\" sizes=\"auto, (max-width: 400px) 100vw, 400px\" \/><\/figure><div class=\"featured-image-desc\"><span><a href=\"https:\/\/www.tzbtech.cz\/index.php\/portfolio\/administrativni-budova-fy-pohl-a-s\/\"><i class=\"fa fa-plus\"><\/i><\/a><\/span><div class=\"feature-inner-block\"><h3 class=\"feature-title-wrap\"><a href=\"https:\/\/www.tzbtech.cz\/index.php\/portfolio\/administrativni-budova-fy-pohl-a-s\/\">Administrativn\u00ed budova fy Pohl, a.s.<\/a><\/h3><h4 class=\"feature-desc-wrap\">Profese: In\u017een\u00fdrsk\u00e9 s\u00edt\u011b, Zdravotechnika, HDV Novostavba administrativn\u00edho s\u00eddla firmy Pohl, a.s. v Roztok\u00e1ch u Prahy. V prov\u00e1d\u011bc\u00edm projektu je \u0159e\u0161eno [&hellip;]<\/h4><\/div><\/div><\/div><div class=\"tg-feature-product-widget element-item uxdesign tg-column-4 reference \" data-category=\"reference \"><figure><img loading=\"lazy\" decoding=\"async\" width=\"400\" height=\"400\" src=\"https:\/\/www.tzbtech.cz\/wp-content\/uploads\/2023\/02\/Ref_06.png\" class=\"attachment-full size-full wp-post-image\" alt=\"\" srcset=\"https:\/\/www.tzbtech.cz\/wp-content\/uploads\/2023\/02\/Ref_06.png 400w, https:\/\/www.tzbtech.cz\/wp-content\/uploads\/2023\/02\/Ref_06-300x300.png 300w, https:\/\/www.tzbtech.cz\/wp-content\/uploads\/2023\/02\/Ref_06-150x150.png 150w\" sizes=\"auto, (max-width: 400px) 100vw, 400px\" \/><\/figure><div class=\"featured-image-desc\"><span><a href=\"https:\/\/www.tzbtech.cz\/index.php\/portfolio\/zakladni-skola-komenskeho-namesti-ricany\/\"><i class=\"fa fa-plus\"><\/i><\/a><\/span><div class=\"feature-inner-block\"><h3 class=\"feature-title-wrap\"><a href=\"https:\/\/www.tzbtech.cz\/index.php\/portfolio\/zakladni-skola-komenskeho-namesti-ricany\/\">Z\u00e1kladn\u00ed \u0161kola Komensk\u00e9ho n\u00e1m\u011bst\u00ed, \u0158\u00ed\u010dany<\/a><\/h3><h4 class=\"feature-desc-wrap\">Profese: In\u017een\u00fdrsk\u00e9 s\u00edt\u011b, Zdravotechnika, Plynofikace Projekt \u0159e\u0161il povolen\u00ed novostavby z\u00e1kladn\u00ed \u0161koly v \u0158\u00ed\u010danech u Prahy. \u0160koln\u00ed are\u00e1l se skl\u00e1d\u00e1 z [&hellip;]<\/h4><\/div><\/div><\/div><div class=\"tg-feature-product-widget element-item uxdesign tg-column-4 reference \" data-category=\"reference \"><figure><img loading=\"lazy\" decoding=\"async\" width=\"400\" height=\"400\" src=\"https:\/\/www.tzbtech.cz\/wp-content\/uploads\/2023\/03\/Ref_12.png\" class=\"attachment-full size-full wp-post-image\" alt=\"\" srcset=\"https:\/\/www.tzbtech.cz\/wp-content\/uploads\/2023\/03\/Ref_12.png 400w, https:\/\/www.tzbtech.cz\/wp-content\/uploads\/2023\/03\/Ref_12-300x300.png 300w, https:\/\/www.tzbtech.cz\/wp-content\/uploads\/2023\/03\/Ref_12-150x150.png 150w\" sizes=\"auto, (max-width: 400px) 100vw, 400px\" \/><\/figure><div class=\"featured-image-desc\"><span><a href=\"https:\/\/www.tzbtech.cz\/index.php\/portfolio\/rodinne-bytove-domy-a-jine-stavby\/\"><i class=\"fa fa-plus\"><\/i><\/a><\/span><div class=\"feature-inner-block\"><h3 class=\"feature-title-wrap\"><a href=\"https:\/\/www.tzbtech.cz\/index.php\/portfolio\/rodinne-bytove-domy-a-jine-stavby\/\">Rodinn\u00e9, bytov\u00e9 domy a jin\u00e9 stavby<\/a><\/h3><h4 class=\"feature-desc-wrap\">Profese: Zdravotechnika, Vyt\u00e1p\u011bn\u00ed, Vzduchotechnika, Chlazen\u00ed, Plynovod, In\u017een\u00fdrsk\u00e9 s\u00edt\u011b D\u016fle\u017eitou sou\u010d\u00e1st\u00ed na\u0161\u00ed projek\u010dn\u00ed \u010dinnosti jsou projekty rodinn\u00fdch a bytov\u00fdch dom\u016f. Pro [&hellip;]<\/h4><\/div><\/div><\/div><div class=\"tg-feature-product-widget element-item uxdesign tg-column-4 reference \" data-category=\"reference \"><figure><img loading=\"lazy\" decoding=\"async\" width=\"400\" height=\"400\" src=\"https:\/\/www.tzbtech.cz\/wp-content\/uploads\/2023\/02\/Ref_05.png\" class=\"attachment-full size-full wp-post-image\" alt=\"\" srcset=\"https:\/\/www.tzbtech.cz\/wp-content\/uploads\/2023\/02\/Ref_05.png 400w, https:\/\/www.tzbtech.cz\/wp-content\/uploads\/2023\/02\/Ref_05-300x300.png 300w, https:\/\/www.tzbtech.cz\/wp-content\/uploads\/2023\/02\/Ref_05-150x150.png 150w\" sizes=\"auto, (max-width: 400px) 100vw, 400px\" \/><\/figure><div class=\"featured-image-desc\"><span><a href=\"https:\/\/www.tzbtech.cz\/index.php\/portfolio\/revitalizace-parku-a-namesti-krakov-praha-8\/\"><i class=\"fa fa-plus\"><\/i><\/a><\/span><div class=\"feature-inner-block\"><h3 class=\"feature-title-wrap\"><a href=\"https:\/\/www.tzbtech.cz\/index.php\/portfolio\/revitalizace-parku-a-namesti-krakov-praha-8\/\">Revitalizace parku a n\u00e1m\u011bst\u00ed Krakov, Praha 8<\/a><\/h3><h4 class=\"feature-desc-wrap\">Profese: In\u017een\u00fdrsk\u00e9 s\u00edt\u011b, Zdravotechnika, Vyt\u00e1p\u011bn\u00ed, Vzduchotechnika Projekt \u0159e\u0161\u00ed obnovu centr\u00e1ln\u00ed \u010d\u00e1sti pra\u017esk\u00e9ho s\u00eddli\u0161t\u011b Bohnice u obchodn\u00edho centra a kulturn\u00edho domu [&hellip;]<\/h4><\/div><\/div><\/div><div class=\"tg-feature-product-widget element-item uxdesign tg-column-4 reference \" data-category=\"reference \"><figure><img loading=\"lazy\" decoding=\"async\" width=\"400\" height=\"400\" src=\"https:\/\/www.tzbtech.cz\/wp-content\/uploads\/2023\/02\/Ref_09.png\" class=\"attachment-full size-full wp-post-image\" alt=\"\" srcset=\"https:\/\/www.tzbtech.cz\/wp-content\/uploads\/2023\/02\/Ref_09.png 400w, https:\/\/www.tzbtech.cz\/wp-content\/uploads\/2023\/02\/Ref_09-300x300.png 300w, https:\/\/www.tzbtech.cz\/wp-content\/uploads\/2023\/02\/Ref_09-150x150.png 150w\" sizes=\"auto, (max-width: 400px) 100vw, 400px\" \/><\/figure><div class=\"featured-image-desc\"><span><a href=\"https:\/\/www.tzbtech.cz\/index.php\/portfolio\/dum-s-pecovatelskou-sluzbou-jakubcovice-nad-odrou\/\"><i class=\"fa fa-plus\"><\/i><\/a><\/span><div class=\"feature-inner-block\"><h3 class=\"feature-title-wrap\"><a href=\"https:\/\/www.tzbtech.cz\/index.php\/portfolio\/dum-s-pecovatelskou-sluzbou-jakubcovice-nad-odrou\/\">D\u016fm s pe\u010dovatelskou slu\u017ebou &#8211; Jakub\u010dovice nad Odrou<\/a><\/h3><h4 class=\"feature-desc-wrap\">Profese: Vnit\u0159n\u00ed vodovod, Vnit\u0159n\u00ed plynovod, Vzduchotechnika, Chlazen\u00ed, Vyt\u00e1p\u011bn\u00ed a PENB Objekt domova s pe\u010dovatelskou slu\u017ebou se skl\u00e1d\u00e1 ze t\u0159\u00ed \u010d\u00e1st\u00ed. [&hellip;]<\/h4><\/div><\/div><\/div><div class=\"tg-feature-product-widget element-item uxdesign tg-column-4 reference \" data-category=\"reference \"><figure><img loading=\"lazy\" decoding=\"async\" width=\"400\" height=\"400\" src=\"https:\/\/www.tzbtech.cz\/wp-content\/uploads\/2023\/02\/Ref_11.png\" class=\"attachment-full size-full wp-post-image\" alt=\"\" srcset=\"https:\/\/www.tzbtech.cz\/wp-content\/uploads\/2023\/02\/Ref_11.png 400w, https:\/\/www.tzbtech.cz\/wp-content\/uploads\/2023\/02\/Ref_11-300x300.png 300w, https:\/\/www.tzbtech.cz\/wp-content\/uploads\/2023\/02\/Ref_11-150x150.png 150w\" sizes=\"auto, (max-width: 400px) 100vw, 400px\" \/><\/figure><div class=\"featured-image-desc\"><span><a href=\"https:\/\/www.tzbtech.cz\/index.php\/portfolio\/bytove-domy-rodinne-vily-rodinne-domy-penb-a-dotacni-zadosti-nova-zelena-usporam\/\"><i class=\"fa fa-plus\"><\/i><\/a><\/span><div class=\"feature-inner-block\"><h3 class=\"feature-title-wrap\"><a href=\"https:\/\/www.tzbtech.cz\/index.php\/portfolio\/bytove-domy-rodinne-vily-rodinne-domy-penb-a-dotacni-zadosti-nova-zelena-usporam\/\">Pr\u016fkazy energetick\u00e9 n\u00e1ro\u010dnosti budov, odborn\u00e9 posudky v r\u00e1mci dota\u010dn\u00edch program\u016f<\/a><\/h3><h4 class=\"feature-desc-wrap\">Profese: PENB, Zelen\u00e1 \u00faspor\u00e1m Od roku 2009 zpracov\u00e1v\u00e1me pr\u016fkazy energetick\u00e9 n\u00e1ro\u010dnosti budov. Za tuto dobu jsme zpracovali v\u00edce ne\u017e 350 [&hellip;]<\/h4><\/div><\/div><\/div><div class=\"tg-feature-product-widget element-item uxdesign tg-column-4 reference \" data-category=\"reference \"><figure><img loading=\"lazy\" decoding=\"async\" width=\"400\" height=\"400\" src=\"https:\/\/www.tzbtech.cz\/wp-content\/uploads\/2023\/02\/Ref_07.png\" class=\"attachment-full size-full wp-post-image\" alt=\"\" srcset=\"https:\/\/www.tzbtech.cz\/wp-content\/uploads\/2023\/02\/Ref_07.png 400w, https:\/\/www.tzbtech.cz\/wp-content\/uploads\/2023\/02\/Ref_07-300x300.png 300w, https:\/\/www.tzbtech.cz\/wp-content\/uploads\/2023\/02\/Ref_07-150x150.png 150w\" sizes=\"auto, (max-width: 400px) 100vw, 400px\" \/><\/figure><div class=\"featured-image-desc\"><span><a href=\"https:\/\/www.tzbtech.cz\/index.php\/portfolio\/domy-s-asistencni-sluzbou-vsenory-objekty-abc-a-de\/\"><i class=\"fa fa-plus\"><\/i><\/a><\/span><div class=\"feature-inner-block\"><h3 class=\"feature-title-wrap\"><a href=\"https:\/\/www.tzbtech.cz\/index.php\/portfolio\/domy-s-asistencni-sluzbou-vsenory-objekty-abc-a-de\/\">Domy s asisten\u010dn\u00ed slu\u017ebou V\u0161enory objekty A,B,C a D,E<\/a><\/h3><h4 class=\"feature-desc-wrap\">Profese: Zdravotn\u011btechnick\u00e9 instalace, Vyt\u00e1p\u011bn\u00ed, Chlazen\u00ed a Vzduchotechnika Jedn\u00e1 se o soubor obytn\u00fdch budov, kter\u00e9 budou slou\u017eit jako n\u00e1jemn\u00e9 bydlen\u00ed s [&hellip;]<\/h4><\/div><\/div><\/div><div class=\"tg-feature-product-widget element-item uxdesign tg-column-4 reference \" data-category=\"reference \"><figure><img loading=\"lazy\" decoding=\"async\" width=\"400\" height=\"400\" src=\"https:\/\/www.tzbtech.cz\/wp-content\/uploads\/2023\/02\/Ref_10.png\" class=\"attachment-full size-full wp-post-image\" alt=\"\" srcset=\"https:\/\/www.tzbtech.cz\/wp-content\/uploads\/2023\/02\/Ref_10.png 400w, https:\/\/www.tzbtech.cz\/wp-content\/uploads\/2023\/02\/Ref_10-300x300.png 300w, https:\/\/www.tzbtech.cz\/wp-content\/uploads\/2023\/02\/Ref_10-150x150.png 150w\" sizes=\"auto, (max-width: 400px) 100vw, 400px\" \/><\/figure><div class=\"featured-image-desc\"><span><a href=\"https:\/\/www.tzbtech.cz\/index.php\/portfolio\/kotelna-domov-duchodcu-dablice\/\"><i class=\"fa fa-plus\"><\/i><\/a><\/span><div class=\"feature-inner-block\"><h3 class=\"feature-title-wrap\"><a href=\"https:\/\/www.tzbtech.cz\/index.php\/portfolio\/kotelna-domov-duchodcu-dablice\/\">Kotelna domov d\u016fchodc\u016f \u010e\u00e1blice<\/a><\/h3><h4 class=\"feature-desc-wrap\">Profese: Vyt\u00e1p\u011bn\u00ed, MaR, Vnit\u0159n\u00ed plynovod, Vzduchotechnika V\u00a0r\u00e1mci tohoto projektu byla \u0159e\u0161ena kompletn\u00ed rekonstrukce kotelny v\u00a0domov\u011b pro seniory v \u010e\u00e1blic\u00edch. \u0158e\u0161en\u00e1 [&hellip;]<\/h4><\/div><\/div><\/div><\/div><!-- \/.tg-column-wrapper--><\/div><!-- \/.grid --><\/div><!-- \/.tg-container --><\/div><!-- \/.layout div --><\/div><\/div><\/div><\/div><\/div><\/div><\/div><\/div><\/div><\/div>","protected":false},"excerpt":{"rendered":"<p>Na\u0161e projekty Zhotovili jsme r\u016fznorod\u00e9 projekty technick\u00fdch za\u0159\u00edzen\u00ed budov, in\u017een\u00fdrsk\u00fdch s\u00edt\u00ed a energetiky. Jednalo se o projekty administrativn\u00edch budov, zdravotnick\u00fdch [&hellip;]<\/p>\n","protected":false},"author":1,"featured_media":0,"parent":0,"menu_order":0,"comment_status":"closed","ping_status":"closed","template":"page-templates\/pagebuilder.php","meta":{"_themeisle_gutenberg_block_has_review":false,"footnotes":""},"class_list":["post-12","page","type-page","status-publish","hentry"],"_links":{"self":[{"href":"https:\/\/www.tzbtech.cz\/index.php\/wp-json\/wp\/v2\/pages\/12","targetHints":{"allow":["GET"]}}],"collection":[{"href":"https:\/\/www.tzbtech.cz\/index.php\/wp-json\/wp\/v2\/pages"}],"about":[{"href":"https:\/\/www.tzbtech.cz\/index.php\/wp-json\/wp\/v2\/types\/page"}],"author":[{"embeddable":true,"href":"https:\/\/www.tzbtech.cz\/index.php\/wp-json\/wp\/v2\/users\/1"}],"replies":[{"embeddable":true,"href":"https:\/\/www.tzbtech.cz\/index.php\/wp-json\/wp\/v2\/comments?post=12"}],"version-history":[{"count":54,"href":"https:\/\/www.tzbtech.cz\/index.php\/wp-json\/wp\/v2\/pages\/12\/revisions"}],"predecessor-version":[{"id":1977,"href":"https:\/\/www.tzbtech.cz\/index.php\/wp-json\/wp\/v2\/pages\/12\/revisions\/1977"}],"wp:attachment":[{"href":"https:\/\/www.tzbtech.cz\/index.php\/wp-json\/wp\/v2\/media?parent=12"}],"curies":[{"name":"wp","href":"https:\/\/api.w.org\/{rel}","templated":true}]}}